{"id":14450,"date":"2026-05-12T21:48:49","date_gmt":"2026-05-12T19:48:49","guid":{"rendered":"https:\/\/dombert.de\/?page_id=14450"},"modified":"2026-05-12T22:01:57","modified_gmt":"2026-05-12T20:01:57","slug":"monument-protection-and-cultural-property-law","status":"publish","type":"page","link":"https:\/\/dombert.de\/en\/denkmalschutz-und-kulturgueterrecht\/","title":{"rendered":"Expertise in monument protection and cultural property law"},"content":{"rendered":"<div data-elementor-type=\"wp-page\" data-elementor-id=\"14450\" class=\"elementor elementor-14450\" data-elementor-post-type=\"page\">\n\t\t\t\t<div class=\"elementor-element elementor-element-52336f0 e-con-full e-flex e-con e-parent\" data-id=\"52336f0\" data-element_type=\"container\" data-e-type=\"container\" data-settings=\"{&quot;background_background&quot;:&quot;classic&quot;}\">\n\t\t\t\t<div class=\"elementor-element elementor-element-23e9ea1 elementor-widget-divider--view-line elementor-widget elementor-widget-divider\" data-id=\"23e9ea1\" data-element_type=\"widget\" data-e-type=\"widget\" data-widget_type=\"divider.default\">\n\t\t\t\t<div class=\"elementor-widget-container\">\n\t\t\t\t\t\t\t<div class=\"elementor-divider\">\n\t\t\t<span class=\"elementor-divider-separator\">\n\t\t\t\t\t\t<\/span>\n\t\t<\/div>\n\t\t\t\t\t\t<\/div>\n\t\t\t\t<\/div>\n\t\t<div class=\"elementor-element elementor-element-5514e84 e-con-full e-flex e-con e-child\" data-id=\"5514e84\" data-element_type=\"container\" data-e-type=\"container\">\n\t\t\t\t<div class=\"elementor-element elementor-element-aafbd9b elementor-widget__width-auto elementor-widget-tablet_extra__width-auto elementor-widget elementor-widget-heading\" data-id=\"aafbd9b\" data-element_type=\"widget\" data-e-type=\"widget\" data-widget_type=\"heading.default\">\n\t\t\t\t<div class=\"elementor-widget-container\">\n\t\t\t\t\t<h2 class=\"elementor-heading-title elementor-size-default\">Monument protection and cultural property law<\/h2>\t\t\t\t<\/div>\n\t\t\t\t<\/div>\n\t\t\t\t<div class=\"elementor-element elementor-element-7d984b0 elementor-widget-divider--view-line elementor-widget elementor-widget-divider\" data-id=\"7d984b0\" data-element_type=\"widget\" data-e-type=\"widget\" data-widget_type=\"divider.default\">\n\t\t\t\t<div class=\"elementor-widget-container\">\n\t\t\t\t\t\t\t<div class=\"elementor-divider\">\n\t\t\t<span class=\"elementor-divider-separator\">\n\t\t\t\t\t\t<\/span>\n\t\t<\/div>\n\t\t\t\t\t\t<\/div>\n\t\t\t\t<\/div>\n\t\t\t\t<div class=\"elementor-element elementor-element-72d0d14 elementor-widget elementor-widget-button\" data-id=\"72d0d14\" data-element_type=\"widget\" data-e-type=\"widget\" data-widget_type=\"button.default\">\n\t\t\t\t<div class=\"elementor-widget-container\">\n\t\t\t\t\t\t\t\t\t<div class=\"elementor-button-wrapper\">\n\t\t\t\t\t<a class=\"elementor-button elementor-button-link elementor-size-sm\" href=\"https:\/\/dombert.de\/en\/#allekompetenzen\">\n\t\t\t\t\t\t<span class=\"elementor-button-content-wrapper\">\n\t\t\t\t\t\t\t\t\t<span class=\"elementor-button-text\">All areas of expertise<\/span>\n\t\t\t\t\t<\/span>\n\t\t\t\t\t<\/a>\n\t\t\t\t<\/div>\n\t\t\t\t\t\t\t\t<\/div>\n\t\t\t\t<\/div>\n\t\t\t\t<\/div>\n\t\t\t\t<\/div>\n\t\t<div class=\"elementor-element elementor-element-746514b e-con-full e-flex e-con e-parent\" data-id=\"746514b\" data-element_type=\"container\" data-e-type=\"container\" data-settings=\"{&quot;background_background&quot;:&quot;classic&quot;}\">\n\t\t<div class=\"elementor-element elementor-element-b978931 e-con-full e-flex e-con e-child\" data-id=\"b978931\" data-element_type=\"container\" data-e-type=\"container\">\n\t\t\t\t<div class=\"elementor-element elementor-element-2532e1d elementor-widget__width-initial elementor-widget-tablet__width-inherit elementor-widget elementor-widget-heading\" data-id=\"2532e1d\" data-element_type=\"widget\" data-e-type=\"widget\" data-widget_type=\"heading.default\">\n\t\t\t\t<div class=\"elementor-widget-container\">\n\t\t\t\t\t<h2 class=\"elementor-heading-title elementor-size-default\">Preserving cultural heritage and using it in a contemporary way - we create legally compliant solutions for this.<\/h2>\t\t\t\t<\/div>\n\t\t\t\t<\/div>\n\t\t<div class=\"elementor-element elementor-element-f9d27cc e-con-full e-flex e-con e-child\" data-id=\"f9d27cc\" data-element_type=\"container\" data-e-type=\"container\">\n\t\t\t\t<div class=\"elementor-element elementor-element-6830a96 elementor-widget__width-initial elementor-widget-divider--view-line elementor-widget elementor-widget-divider\" data-id=\"6830a96\" data-element_type=\"widget\" data-e-type=\"widget\" data-widget_type=\"divider.default\">\n\t\t\t\t<div class=\"elementor-widget-container\">\n\t\t\t\t\t\t\t<div class=\"elementor-divider\">\n\t\t\t<span class=\"elementor-divider-separator\">\n\t\t\t\t\t\t<\/span>\n\t\t<\/div>\n\t\t\t\t\t\t<\/div>\n\t\t\t\t<\/div>\n\t\t\t\t<div class=\"elementor-element elementor-element-9510800 elementor-widget__width-initial elementor-widget-tablet__width-initial elementor-widget elementor-widget-heading\" data-id=\"9510800\" data-element_type=\"widget\" data-e-type=\"widget\" data-widget_type=\"heading.default\">\n\t\t\t\t<div class=\"elementor-widget-container\">\n\t\t\t\t\t<h3 class=\"elementor-heading-title elementor-size-default\">Our expertise includes building and garden monument law, ensemble and monument area protection as well as archaeological and ground monument law.<\/h3>\t\t\t\t<\/div>\n\t\t\t\t<\/div>\n\t\t\t\t<\/div>\n\t\t\t\t<div class=\"elementor-element elementor-element-fa1e390 elementor-widget__width-initial elementor-widget-tablet__width-inherit elementor-widget elementor-widget-text-editor\" data-id=\"fa1e390\" data-element_type=\"widget\" data-e-type=\"widget\" data-widget_type=\"text-editor.default\">\n\t\t\t\t<div class=\"elementor-widget-container\">\n\t\t\t\t\t\t\t\t\t<p>The protection of architectural and archaeological monuments presents owners, authorities and project organisers with complex legal challenges. We advise <strong>Monument owners and monument authorities<\/strong> at the <strong>Protection<\/strong>, at <strong>Maintenance and refurbishment measures<\/strong> and - as a last resort - in the legally secure enforcement of claims for the removal of monuments.<\/p><p>\u00a0<\/p><p>One focus of our consulting services is on projects in the <strong>Surroundings of monuments<\/strong>. Conflicts often arise during construction and infrastructure measures because unexpected authorisations have to be obtained. We help to recognise risks at an early stage and develop practicable solutions. We also regularly contribute our experience to discussions on legal policy and monument preservation.<\/p><p>\u00a0<\/p><p>In addition, we support <strong>Museums, foundations<\/strong> and others <strong>Public and private cultural institutions<\/strong> in all matters relating to cultural law - from organisation and financing to dealing with <strong>sensitive<\/strong> <strong>cultural assets<\/strong>.<\/p>\t\t\t\t\t\t\t\t<\/div>\n\t\t\t\t<\/div>\n\t\t\t\t<\/div>\n\t\t\t\t<\/div>\n\t\t<div class=\"elementor-element elementor-element-e6727f1 e-con-full e-flex e-con e-parent\" data-id=\"e6727f1\" data-element_type=\"container\" data-e-type=\"container\" data-settings=\"{&quot;background_background&quot;:&quot;classic&quot;}\">\n\t\t<div class=\"elementor-element elementor-element-f0744c2 e-con-full e-flex e-con e-child\" data-id=\"f0744c2\" data-element_type=\"container\" data-e-type=\"container\">\n\t\t\t\t<div class=\"elementor-element elementor-element-296f1e7 elementor-widget__width-auto elementor-widget-tablet__width-inherit elementor-widget elementor-widget-heading\" data-id=\"296f1e7\" data-element_type=\"widget\" data-e-type=\"widget\" data-widget_type=\"heading.default\">\n\t\t\t\t<div class=\"elementor-widget-container\">\n\t\t\t\t\t<h2 class=\"elementor-heading-title elementor-size-default\">Monument protection and cultural property law - Our minds.<\/h2>\t\t\t\t<\/div>\n\t\t\t\t<\/div>\n\t\t\t\t<\/div>\n\t\t<div class=\"elementor-element elementor-element-6b75116 e-con-full e-flex e-con e-child\" data-id=\"6b75116\" data-element_type=\"container\" data-e-type=\"container\">\n\t\t<div class=\"elementor-element elementor-element-0f65069 e-con-full e-flex e-con e-child\" data-id=\"0f65069\" data-element_type=\"container\" data-e-type=\"container\">\n\t\t<div class=\"elementor-element elementor-element-dd5f3f7 e-con-full e-flex e-con e-child\" data-id=\"dd5f3f7\" data-element_type=\"container\" data-e-type=\"container\">\n\t\t\t\t<div class=\"elementor-element elementor-element-0fc3f5b elementor-widget__width-initial elementor-widget elementor-widget-image\" data-id=\"0fc3f5b\" data-element_type=\"widget\" data-e-type=\"widget\" data-widget_type=\"image.default\">\n\t\t\t\t<div class=\"elementor-widget-container\">\n\t\t\t\t\t\t\t\t\t\t\t\t\t\t\t\t<a href=\"https:\/\/dombert.de\/en\/person\/tobias-ross\/\">\n\t\t\t\t\t\t\t<img fetchpriority=\"high\" decoding=\"async\" width=\"300\" height=\"300\" src=\"https:\/\/dombert.de\/wp-content\/uploads\/2025\/01\/tobias-ross-dombert-rechtsanwaelte-300x300.jpg\" class=\"elementor-animation-grow attachment-medium size-medium wp-image-1218\" alt=\"Rechtsanwalt Tobias Ross at the law firm DOMBERT Rechtsanwaelte\" srcset=\"https:\/\/dombert.de\/wp-content\/uploads\/2025\/01\/tobias-ross-dombert-rechtsanwaelte-300x300.jpg 300w, https:\/\/dombert.de\/wp-content\/uploads\/2025\/01\/tobias-ross-dombert-rechtsanwaelte-150x150.jpg 150w, https:\/\/dombert.de\/wp-content\/uploads\/2025\/01\/tobias-ross-dombert-rechtsanwaelte.jpg 340w\" sizes=\"(max-width: 300px) 100vw, 300px\" \/>\t\t\t\t\t\t\t\t<\/a>\n\t\t\t\t\t\t\t\t\t\t\t\t\t\t\t<\/div>\n\t\t\t\t<\/div>\n\t\t<div class=\"elementor-element elementor-element-2d8003f e-con-full e-flex e-con e-child\" data-id=\"2d8003f\" data-element_type=\"container\" data-e-type=\"container\">\n\t\t<div class=\"elementor-element elementor-element-c0b7f9c e-con-full e-flex e-con e-child\" data-id=\"c0b7f9c\" data-element_type=\"container\" data-e-type=\"container\">\n\t\t\t\t<div class=\"elementor-element elementor-element-560f697 elementor-widget__width-initial elementor-widget-divider--view-line elementor-widget elementor-widget-divider\" data-id=\"560f697\" data-element_type=\"widget\" data-e-type=\"widget\" data-widget_type=\"divider.default\">\n\t\t\t\t<div class=\"elementor-widget-container\">\n\t\t\t\t\t\t\t<div class=\"elementor-divider\">\n\t\t\t<span class=\"elementor-divider-separator\">\n\t\t\t\t\t\t<\/span>\n\t\t<\/div>\n\t\t\t\t\t\t<\/div>\n\t\t\t\t<\/div>\n\t\t\t\t<div class=\"elementor-element elementor-element-1463730 elementor-widget__width-initial elementor-widget-tablet__width-inherit elementor-widget-mobile__width-initial elementor-widget elementor-widget-heading\" data-id=\"1463730\" data-element_type=\"widget\" data-e-type=\"widget\" data-settings=\"{&quot;_animation&quot;:&quot;none&quot;}\" data-widget_type=\"heading.default\">\n\t\t\t\t<div class=\"elementor-widget-container\">\n\t\t\t\t\t<h3 class=\"elementor-heading-title elementor-size-default\"><a href=\"https:\/\/dombert.de\/en\/person\/tobias-ross\/\">Tobias Ro\u00df<\/a><\/h3>\t\t\t\t<\/div>\n\t\t\t\t<\/div>\n\t\t\t\t<\/div>\n\t\t\t\t<\/div>\n\t\t\t\t<\/div>\n\t\t\t\t<\/div>\n\t\t<div class=\"elementor-element elementor-element-9a450d8 e-con-full e-flex e-con e-child\" data-id=\"9a450d8\" data-element_type=\"container\" data-e-type=\"container\">\n\t\t\t\t<\/div>\n\t\t\t\t<\/div>\n\t\t\t\t<\/div>\n\t\t\t\t<\/div>","protected":false},"excerpt":{"rendered":"<p>Denkmal&shy;schutz und Kulturg\u00fcter&shy;recht Zu allen Kompetenzen Kulturelles Erbe bewahren und zugleich zeitgem\u00e4\u00df nutzen \u2013 daf\u00fcr schaffen wir rechtssichere L\u00f6sungen. Unsere Expertise umfasst das Bau- und Gartendenkmalrecht, den Ensemble- und Denkmalbereichsschutz ebenso wie das Arch\u00e4ologie- und Bodendenkmalrecht. Der Schutz von Bau- und Bodendenkm\u00e4lern stellt Eigent\u00fcmer, Beh\u00f6rden und Projekttr\u00e4ger vor komplexe rechtliche Herausforderungen. Wir beraten Denkmaleigent\u00fcmer und [&hellip;]<\/p>\n","protected":false},"author":3,"featured_media":0,"parent":0,"menu_order":0,"comment_status":"closed","ping_status":"closed","template":"","meta":{"_acf_changed":false,"site-sidebar-layout":"no-sidebar","site-content-layout":"page-builder","ast-site-content-layout":"full-width-container","site-content-style":"unboxed","site-sidebar-style":"unboxed","ast-global-header-display":"","ast-banner-title-visibility":"","ast-main-header-display":"","ast-hfb-above-header-display":"","ast-hfb-below-header-display":"","ast-hfb-mobile-header-display":"","site-post-title":"disabled","ast-breadcrumbs-content":"","ast-featured-img":"disabled","footer-sml-layout":"","ast-disable-related-posts":"","theme-transparent-header-meta":"","adv-header-id-meta":"","stick-header-meta":"","header-above-stick-meta":"","header-main-stick-meta":"","header-below-stick-meta":"","astra-migrate-meta-layouts":"set","ast-page-background-enabled":"default","ast-page-background-meta":{"desktop":{"background-color":"","background-image":"","background-repeat":"repeat","background-position":"center center","background-size":"auto","background-attachment":"scroll","background-type":"","background-media":"","overlay-type":"","overlay-color":"","overlay-opacity":"","overlay-gradient":""},"tablet":{"background-color":"","background-image":"","background-repeat":"repeat","background-position":"center center","background-size":"auto","background-attachment":"scroll","background-type":"","background-media":"","overlay-type":"","overlay-color":"","overlay-opacity":"","overlay-gradient":""},"mobile":{"background-color":"","background-image":"","background-repeat":"repeat","background-position":"center center","background-size":"auto","background-attachment":"scroll","background-type":"","background-media":"","overlay-type":"","overlay-color":"","overlay-opacity":"","overlay-gradient":""}},"ast-content-background-meta":{"desktop":{"background-color":"var(--ast-global-color-5)","background-image":"","background-repeat":"repeat","background-position":"center center","background-size":"auto","background-attachment":"scroll","background-type":"","background-media":"","overlay-type":"","overlay-color":"","overlay-opacity":"","overlay-gradient":""},"tablet":{"background-color":"var(--ast-global-color-5)","background-image":"","background-repeat":"repeat","background-position":"center center","background-size":"auto","background-attachment":"scroll","background-type":"","background-media":"","overlay-type":"","overlay-color":"","overlay-opacity":"","overlay-gradient":""},"mobile":{"background-color":"var(--ast-global-color-5)","background-image":"","background-repeat":"repeat","background-position":"center center","background-size":"auto","background-attachment":"scroll","background-type":"","background-media":"","overlay-type":"","overlay-color":"","overlay-opacity":"","overlay-gradient":""}},"footnotes":""},"class_list":["post-14450","page","type-page","status-publish","hentry"],"acf":[],"yoast_head":"<!-- This site is optimized with the Yoast SEO plugin v27.6 - https:\/\/yoast.com\/product\/yoast-seo-wordpress\/ -->\n<title>Kompetenz Denkmalschutz und Kulturg\u00fcterrecht - DOMBERT Rechtsanw\u00e4lte<\/title>\n<meta name=\"description\" content=\"Wir sind Ihr Experte f\u00fcr Denkmalschutz und Kulturg\u00fcterrecht.\" \/>\n<meta name=\"robots\" content=\"index, follow, max-snippet:-1, max-image-preview:large, max-video-preview:-1\" \/>\n<link rel=\"canonical\" href=\"https:\/\/dombert.de\/en\/monument-protection-and-cultural-property-law\/\" \/>\n<meta property=\"og:locale\" content=\"en_GB\" \/>\n<meta property=\"og:type\" content=\"article\" \/>\n<meta property=\"og:title\" content=\"Kompetenz Denkmalschutz und Kulturg\u00fcterrecht - DOMBERT Rechtsanw\u00e4lte\" \/>\n<meta property=\"og:description\" content=\"Wir sind Ihr Experte f\u00fcr Denkmalschutz und Kulturg\u00fcterrecht.\" \/>\n<meta property=\"og:url\" content=\"https:\/\/dombert.de\/en\/monument-protection-and-cultural-property-law\/\" \/>\n<meta property=\"og:site_name\" content=\"DOMBERT Rechtsanw\u00e4lte\" \/>\n<meta property=\"article:modified_time\" content=\"2026-05-12T20:01:57+00:00\" \/>\n<meta property=\"og:image\" content=\"https:\/\/dombert.de\/wp-content\/uploads\/2025\/01\/tobias-ross-dombert-rechtsanwaelte.jpg\" \/>\n\t<meta property=\"og:image:width\" content=\"340\" \/>\n\t<meta property=\"og:image:height\" content=\"340\" \/>\n\t<meta property=\"og:image:type\" content=\"image\/jpeg\" \/>\n<meta name=\"twitter:card\" content=\"summary_large_image\" \/>\n<meta name=\"twitter:label1\" content=\"Estimated reading time\" \/>\n\t<meta name=\"twitter:data1\" content=\"2 minutes\" \/>\n<script type=\"application\/ld+json\" class=\"yoast-schema-graph\">{\"@context\":\"https:\\\/\\\/schema.org\",\"@graph\":[{\"@type\":\"WebPage\",\"@id\":\"https:\\\/\\\/dombert.de\\\/denkmalschutz-und-kulturgueterrecht\\\/\",\"url\":\"https:\\\/\\\/dombert.de\\\/denkmalschutz-und-kulturgueterrecht\\\/\",\"name\":\"Kompetenz Denkmalschutz und Kulturg\u00fcterrecht - DOMBERT Rechtsanw\u00e4lte\",\"isPartOf\":{\"@id\":\"https:\\\/\\\/dombert.de\\\/#website\"},\"primaryImageOfPage\":{\"@id\":\"https:\\\/\\\/dombert.de\\\/denkmalschutz-und-kulturgueterrecht\\\/#primaryimage\"},\"image\":{\"@id\":\"https:\\\/\\\/dombert.de\\\/denkmalschutz-und-kulturgueterrecht\\\/#primaryimage\"},\"thumbnailUrl\":\"https:\\\/\\\/dombert.de\\\/wp-content\\\/uploads\\\/2025\\\/01\\\/tobias-ross-dombert-rechtsanwaelte-300x300.jpg\",\"datePublished\":\"2026-05-12T19:48:49+00:00\",\"dateModified\":\"2026-05-12T20:01:57+00:00\",\"description\":\"Wir sind Ihr Experte f\u00fcr Denkmalschutz und Kulturg\u00fcterrecht.\",\"breadcrumb\":{\"@id\":\"https:\\\/\\\/dombert.de\\\/denkmalschutz-und-kulturgueterrecht\\\/#breadcrumb\"},\"inLanguage\":\"en-GB\",\"potentialAction\":[{\"@type\":\"ReadAction\",\"target\":[\"https:\\\/\\\/dombert.de\\\/denkmalschutz-und-kulturgueterrecht\\\/\"]}]},{\"@type\":\"ImageObject\",\"inLanguage\":\"en-GB\",\"@id\":\"https:\\\/\\\/dombert.de\\\/denkmalschutz-und-kulturgueterrecht\\\/#primaryimage\",\"url\":\"https:\\\/\\\/dombert.de\\\/wp-content\\\/uploads\\\/2025\\\/01\\\/tobias-ross-dombert-rechtsanwaelte-300x300.jpg\",\"contentUrl\":\"https:\\\/\\\/dombert.de\\\/wp-content\\\/uploads\\\/2025\\\/01\\\/tobias-ross-dombert-rechtsanwaelte-300x300.jpg\"},{\"@type\":\"BreadcrumbList\",\"@id\":\"https:\\\/\\\/dombert.de\\\/denkmalschutz-und-kulturgueterrecht\\\/#breadcrumb\",\"itemListElement\":[{\"@type\":\"ListItem\",\"position\":1,\"name\":\"Startseite\",\"item\":\"https:\\\/\\\/dombert.de\\\/\"},{\"@type\":\"ListItem\",\"position\":2,\"name\":\"Kompetenz Denkmalschutz und Kulturg\u00fcterrecht\"}]},{\"@type\":\"WebSite\",\"@id\":\"https:\\\/\\\/dombert.de\\\/#website\",\"url\":\"https:\\\/\\\/dombert.de\\\/\",\"name\":\"DOMBERT Rechtsanw\u00e4lte\",\"description\":\"Wir sind Ihr kompetenter Ansprechpartner f\u00fcr alle Fragen des \u00f6ffentlichen Rechts.\",\"publisher\":{\"@id\":\"https:\\\/\\\/dombert.de\\\/#organization\"},\"potentialAction\":[{\"@type\":\"SearchAction\",\"target\":{\"@type\":\"EntryPoint\",\"urlTemplate\":\"https:\\\/\\\/dombert.de\\\/?s={search_term_string}\"},\"query-input\":{\"@type\":\"PropertyValueSpecification\",\"valueRequired\":true,\"valueName\":\"search_term_string\"}}],\"inLanguage\":\"en-GB\"},{\"@type\":\"Organization\",\"@id\":\"https:\\\/\\\/dombert.de\\\/#organization\",\"name\":\"DOMBERT Rechtsanw\u00e4lte\",\"url\":\"https:\\\/\\\/dombert.de\\\/\",\"logo\":{\"@type\":\"ImageObject\",\"inLanguage\":\"en-GB\",\"@id\":\"https:\\\/\\\/dombert.de\\\/#\\\/schema\\\/logo\\\/image\\\/\",\"url\":\"https:\\\/\\\/dombert.de\\\/wp-content\\\/uploads\\\/2025\\\/02\\\/Dombert-Logo_negativ_rgb.png\",\"contentUrl\":\"https:\\\/\\\/dombert.de\\\/wp-content\\\/uploads\\\/2025\\\/02\\\/Dombert-Logo_negativ_rgb.png\",\"width\":459,\"height\":206,\"caption\":\"DOMBERT Rechtsanw\u00e4lte\"},\"image\":{\"@id\":\"https:\\\/\\\/dombert.de\\\/#\\\/schema\\\/logo\\\/image\\\/\"},\"sameAs\":[\"https:\\\/\\\/www.linkedin.com\\\/company\\\/dombert-rechtsanwaelte\\\/posts\\\/?feedView=all\"]}]}<\/script>\n<!-- \/ Yoast SEO plugin. -->","yoast_head_json":{"title":"Expertise in monument protection and cultural property law - DOMBERT Rechtsanw\u00e4lte","description":"We are your experts for monument protection and cultural property law.","robots":{"index":"index","follow":"follow","max-snippet":"max-snippet:-1","max-image-preview":"max-image-preview:large","max-video-preview":"max-video-preview:-1"},"canonical":"https:\/\/dombert.de\/en\/monument-protection-and-cultural-property-law\/","og_locale":"en_GB","og_type":"article","og_title":"Kompetenz Denkmalschutz und Kulturg\u00fcterrecht - DOMBERT Rechtsanw\u00e4lte","og_description":"Wir sind Ihr Experte f\u00fcr Denkmalschutz und Kulturg\u00fcterrecht.","og_url":"https:\/\/dombert.de\/en\/monument-protection-and-cultural-property-law\/","og_site_name":"DOMBERT Rechtsanw\u00e4lte","article_modified_time":"2026-05-12T20:01:57+00:00","og_image":[{"width":340,"height":340,"url":"https:\/\/dombert.de\/wp-content\/uploads\/2025\/01\/tobias-ross-dombert-rechtsanwaelte.jpg","type":"image\/jpeg"}],"twitter_card":"summary_large_image","twitter_misc":{"Estimated reading time":"2 minutes"},"schema":{"@context":"https:\/\/schema.org","@graph":[{"@type":"WebPage","@id":"https:\/\/dombert.de\/denkmalschutz-und-kulturgueterrecht\/","url":"https:\/\/dombert.de\/denkmalschutz-und-kulturgueterrecht\/","name":"Expertise in monument protection and cultural property law - DOMBERT Rechtsanw\u00e4lte","isPartOf":{"@id":"https:\/\/dombert.de\/#website"},"primaryImageOfPage":{"@id":"https:\/\/dombert.de\/denkmalschutz-und-kulturgueterrecht\/#primaryimage"},"image":{"@id":"https:\/\/dombert.de\/denkmalschutz-und-kulturgueterrecht\/#primaryimage"},"thumbnailUrl":"https:\/\/dombert.de\/wp-content\/uploads\/2025\/01\/tobias-ross-dombert-rechtsanwaelte-300x300.jpg","datePublished":"2026-05-12T19:48:49+00:00","dateModified":"2026-05-12T20:01:57+00:00","description":"We are your experts for monument protection and cultural property law.","breadcrumb":{"@id":"https:\/\/dombert.de\/denkmalschutz-und-kulturgueterrecht\/#breadcrumb"},"inLanguage":"en-GB","potentialAction":[{"@type":"ReadAction","target":["https:\/\/dombert.de\/denkmalschutz-und-kulturgueterrecht\/"]}]},{"@type":"ImageObject","inLanguage":"en-GB","@id":"https:\/\/dombert.de\/denkmalschutz-und-kulturgueterrecht\/#primaryimage","url":"https:\/\/dombert.de\/wp-content\/uploads\/2025\/01\/tobias-ross-dombert-rechtsanwaelte-300x300.jpg","contentUrl":"https:\/\/dombert.de\/wp-content\/uploads\/2025\/01\/tobias-ross-dombert-rechtsanwaelte-300x300.jpg"},{"@type":"BreadcrumbList","@id":"https:\/\/dombert.de\/denkmalschutz-und-kulturgueterrecht\/#breadcrumb","itemListElement":[{"@type":"ListItem","position":1,"name":"Startseite","item":"https:\/\/dombert.de\/"},{"@type":"ListItem","position":2,"name":"Kompetenz Denkmalschutz und Kulturg\u00fcterrecht"}]},{"@type":"WebSite","@id":"https:\/\/dombert.de\/#website","url":"https:\/\/dombert.de\/","name":"DOMBERT Rechtsanw\u00e4lte","description":"We are your expert partner for all matters relating to public law.","publisher":{"@id":"https:\/\/dombert.de\/#organization"},"potentialAction":[{"@type":"SearchAction","target":{"@type":"EntryPoint","urlTemplate":"https:\/\/dombert.de\/?s={search_term_string}"},"query-input":{"@type":"PropertyValueSpecification","valueRequired":true,"valueName":"search_term_string"}}],"inLanguage":"en-GB"},{"@type":"Organization","@id":"https:\/\/dombert.de\/#organization","name":"DOMBERT Rechtsanw\u00e4lte","url":"https:\/\/dombert.de\/","logo":{"@type":"ImageObject","inLanguage":"en-GB","@id":"https:\/\/dombert.de\/#\/schema\/logo\/image\/","url":"https:\/\/dombert.de\/wp-content\/uploads\/2025\/02\/Dombert-Logo_negativ_rgb.png","contentUrl":"https:\/\/dombert.de\/wp-content\/uploads\/2025\/02\/Dombert-Logo_negativ_rgb.png","width":459,"height":206,"caption":"DOMBERT Rechtsanw\u00e4lte"},"image":{"@id":"https:\/\/dombert.de\/#\/schema\/logo\/image\/"},"sameAs":["https:\/\/www.linkedin.com\/company\/dombert-rechtsanwaelte\/posts\/?feedView=all"]}]}},"publishpress_future_action":{"enabled":false,"date":"2026-05-22 10:38:14","action":"change-status","newStatus":"draft","terms":[],"taxonomy":"","extraData":[]},"publishpress_future_workflow_manual_trigger":{"enabledWorkflows":[]},"_links":{"self":[{"href":"https:\/\/dombert.de\/en\/wp-json\/wp\/v2\/pages\/14450","targetHints":{"allow":["GET"]}}],"collection":[{"href":"https:\/\/dombert.de\/en\/wp-json\/wp\/v2\/pages"}],"about":[{"href":"https:\/\/dombert.de\/en\/wp-json\/wp\/v2\/types\/page"}],"author":[{"embeddable":true,"href":"https:\/\/dombert.de\/en\/wp-json\/wp\/v2\/users\/3"}],"replies":[{"embeddable":true,"href":"https:\/\/dombert.de\/en\/wp-json\/wp\/v2\/comments?post=14450"}],"version-history":[{"count":10,"href":"https:\/\/dombert.de\/en\/wp-json\/wp\/v2\/pages\/14450\/revisions"}],"predecessor-version":[{"id":14472,"href":"https:\/\/dombert.de\/en\/wp-json\/wp\/v2\/pages\/14450\/revisions\/14472"}],"wp:attachment":[{"href":"https:\/\/dombert.de\/en\/wp-json\/wp\/v2\/media?parent=14450"}],"curies":[{"name":"wp","href":"https:\/\/api.w.org\/{rel}","templated":true}]}}